{"id":87002,"date":"2025-09-27T16:59:32","date_gmt":"2025-09-27T14:59:32","guid":{"rendered":"https:\/\/shop.kyburz-switzerland.ch\/shop\/non class\u00e9\/abdeckung-ruecklicht-hinten-breit-fuer-dxp-eu-kyburz-gelb\/"},"modified":"2025-09-27T16:59:51","modified_gmt":"2025-09-27T14:59:51","slug":"abdeckung-ruecklicht-hinten-breit-fuer-dxp-eu-kyburz-gelb","status":"publish","type":"product","link":"https:\/\/shop.kyburz-switzerland.ch\/fr\/shop\/pieces-de-rechange\/abdeckung-ruecklicht-hinten-breit-fuer-dxp-eu-kyburz-gelb\/","title":{"rendered":"Abdeckung R\u00fccklicht hinten breit f\u00fcr DXP EU KYBURZ gelb"},"content":{"rendered":"<p>Abdeckung R\u00fccklicht hinten breit f\u00fcr DXP EU KYBURZ gelb<\/p>\n","protected":false},"excerpt":{"rendered":"<p>Abdeckung R\u00fccklicht hinten breit f\u00fcr DXP EU KYBURZ gelb<\/p>\n","protected":false},"featured_media":55158,"template":"","meta":{"_acf_changed":false},"product_brand":[],"product_cat":[1009,997],"product_tag":[],"class_list":{"0":"post-87002","1":"product","2":"type-product","3":"status-publish","4":"has-post-thumbnail","6":"product_cat-carrosseries-siege","7":"product_cat-pieces-de-rechange","9":"first","10":"instock","11":"taxable","12":"shipping-taxable","13":"purchasable","14":"product-type-simple"},"acf":[],"_links":{"self":[{"href":"https:\/\/shop.kyburz-switzerland.ch\/fr\/wp-json\/wp\/v2\/product\/87002","targetHints":{"allow":["GET"]}}],"collection":[{"href":"https:\/\/shop.kyburz-switzerland.ch\/fr\/wp-json\/wp\/v2\/product"}],"about":[{"href":"https:\/\/shop.kyburz-switzerland.ch\/fr\/wp-json\/wp\/v2\/types\/product"}],"wp:featuredmedia":[{"embeddable":true,"href":"https:\/\/shop.kyburz-switzerland.ch\/fr\/wp-json\/wp\/v2\/media\/55158"}],"wp:attachment":[{"href":"https:\/\/shop.kyburz-switzerland.ch\/fr\/wp-json\/wp\/v2\/media?parent=87002"}],"wp:term":[{"taxonomy":"product_brand","embeddable":true,"href":"https:\/\/shop.kyburz-switzerland.ch\/fr\/wp-json\/wp\/v2\/product_brand?post=87002"},{"taxonomy":"product_cat","embeddable":true,"href":"https:\/\/shop.kyburz-switzerland.ch\/fr\/wp-json\/wp\/v2\/product_cat?post=87002"},{"taxonomy":"product_tag","embeddable":true,"href":"https:\/\/shop.kyburz-switzerland.ch\/fr\/wp-json\/wp\/v2\/product_tag?post=87002"}],"curies":[{"name":"wp","href":"https:\/\/api.w.org\/{rel}","templated":true}]}}