{"id":86468,"date":"2025-09-27T16:45:17","date_gmt":"2025-09-27T14:45:17","guid":{"rendered":"https:\/\/shop.kyburz-switzerland.ch\/shop\/non class\u00e9\/armaturenbrett-blech-plus-inkl-symbole-gelasert\/"},"modified":"2025-09-27T16:45:24","modified_gmt":"2025-09-27T14:45:24","slug":"armaturenbrett-blech-plus-inkl-symbole-gelasert","status":"publish","type":"product","link":"https:\/\/shop.kyburz-switzerland.ch\/fr\/shop\/pieces-de-rechange\/armaturenbrett-blech-plus-inkl-symbole-gelasert\/","title":{"rendered":"T\u00f4le de tableau de bord PLUS (symboles grav\u00e9s au laser incl.)"},"content":{"rendered":"<p>T\u00f4le de tableau de bord PLUS (symboles grav\u00e9s au laser incl.)<\/p>\n","protected":false},"excerpt":{"rendered":"<p>T\u00f4le de tableau de bord PLUS (symboles grav\u00e9s au laser incl.)<\/p>\n","protected":false},"featured_media":59572,"template":"","meta":{"_acf_changed":false},"product_brand":[],"product_cat":[1009,997],"product_tag":[],"class_list":{"0":"post-86468","1":"product","2":"type-product","3":"status-publish","4":"has-post-thumbnail","6":"product_cat-carrosseries-siege","7":"product_cat-pieces-de-rechange","9":"first","10":"instock","11":"taxable","12":"shipping-taxable","13":"purchasable","14":"product-type-simple"},"acf":[],"_links":{"self":[{"href":"https:\/\/shop.kyburz-switzerland.ch\/fr\/wp-json\/wp\/v2\/product\/86468","targetHints":{"allow":["GET"]}}],"collection":[{"href":"https:\/\/shop.kyburz-switzerland.ch\/fr\/wp-json\/wp\/v2\/product"}],"about":[{"href":"https:\/\/shop.kyburz-switzerland.ch\/fr\/wp-json\/wp\/v2\/types\/product"}],"wp:featuredmedia":[{"embeddable":true,"href":"https:\/\/shop.kyburz-switzerland.ch\/fr\/wp-json\/wp\/v2\/media\/59572"}],"wp:attachment":[{"href":"https:\/\/shop.kyburz-switzerland.ch\/fr\/wp-json\/wp\/v2\/media?parent=86468"}],"wp:term":[{"taxonomy":"product_brand","embeddable":true,"href":"https:\/\/shop.kyburz-switzerland.ch\/fr\/wp-json\/wp\/v2\/product_brand?post=86468"},{"taxonomy":"product_cat","embeddable":true,"href":"https:\/\/shop.kyburz-switzerland.ch\/fr\/wp-json\/wp\/v2\/product_cat?post=86468"},{"taxonomy":"product_tag","embeddable":true,"href":"https:\/\/shop.kyburz-switzerland.ch\/fr\/wp-json\/wp\/v2\/product_tag?post=86468"}],"curies":[{"name":"wp","href":"https:\/\/api.w.org\/{rel}","templated":true}]}}