{"id":86411,"date":"2025-09-27T16:43:26","date_gmt":"2025-09-27T14:43:26","guid":{"rendered":"https:\/\/shop.kyburz-switzerland.ch\/shop\/non class\u00e9\/tuere-oeffnungs-stange-plus-rechts-2022\/"},"modified":"2025-09-27T16:43:56","modified_gmt":"2025-09-27T14:43:56","slug":"tuere-oeffnungs-stange-plus-rechts-2022","status":"publish","type":"product","link":"https:\/\/shop.kyburz-switzerland.ch\/fr\/shop\/pieces-de-rechange\/tuere-oeffnungs-stange-plus-rechts-2022\/","title":{"rendered":"T\u00fcre \u00d6ffnungs Stange PLUS rechts 2022"},"content":{"rendered":"<p>T\u00fcre \u00d6ffnungs Stange PLUS rechts 2022<\/p>\n","protected":false},"excerpt":{"rendered":"<p>T\u00fcre \u00d6ffnungs Stange PLUS rechts 2022<\/p>\n","protected":false},"featured_media":59584,"template":"","meta":{"_acf_changed":false},"product_brand":[],"product_cat":[1002,997],"product_tag":[],"class_list":{"0":"post-86411","1":"product","2":"type-product","3":"status-publish","4":"has-post-thumbnail","6":"product_cat-material-de-consommation-petites-pieces","7":"product_cat-pieces-de-rechange","9":"first","10":"instock","11":"taxable","12":"shipping-taxable","13":"purchasable","14":"product-type-simple"},"acf":[],"_links":{"self":[{"href":"https:\/\/shop.kyburz-switzerland.ch\/fr\/wp-json\/wp\/v2\/product\/86411","targetHints":{"allow":["GET"]}}],"collection":[{"href":"https:\/\/shop.kyburz-switzerland.ch\/fr\/wp-json\/wp\/v2\/product"}],"about":[{"href":"https:\/\/shop.kyburz-switzerland.ch\/fr\/wp-json\/wp\/v2\/types\/product"}],"wp:featuredmedia":[{"embeddable":true,"href":"https:\/\/shop.kyburz-switzerland.ch\/fr\/wp-json\/wp\/v2\/media\/59584"}],"wp:attachment":[{"href":"https:\/\/shop.kyburz-switzerland.ch\/fr\/wp-json\/wp\/v2\/media?parent=86411"}],"wp:term":[{"taxonomy":"product_brand","embeddable":true,"href":"https:\/\/shop.kyburz-switzerland.ch\/fr\/wp-json\/wp\/v2\/product_brand?post=86411"},{"taxonomy":"product_cat","embeddable":true,"href":"https:\/\/shop.kyburz-switzerland.ch\/fr\/wp-json\/wp\/v2\/product_cat?post=86411"},{"taxonomy":"product_tag","embeddable":true,"href":"https:\/\/shop.kyburz-switzerland.ch\/fr\/wp-json\/wp\/v2\/product_tag?post=86411"}],"curies":[{"name":"wp","href":"https:\/\/api.w.org\/{rel}","templated":true}]}}