{"id":85712,"date":"2025-09-27T16:25:25","date_gmt":"2025-09-27T14:25:25","guid":{"rendered":"https:\/\/shop.kyburz-switzerland.ch\/shop\/non class\u00e9\/frontleuchte-rechts-led-zu-plus-2-4-rot-vormontiert\/"},"modified":"2025-09-27T16:25:58","modified_gmt":"2025-09-27T14:25:58","slug":"frontleuchte-rechts-led-zu-plus-2-4-rot-vormontiert","status":"publish","type":"product","link":"https:\/\/shop.kyburz-switzerland.ch\/fr\/shop\/pieces-de-rechange\/frontleuchte-rechts-led-zu-plus-2-4-rot-vormontiert\/","title":{"rendered":"Feu avant droit LED pour PLUS 2.4 rouge pr\u00e9mont\u00e9"},"content":{"rendered":"<p>Feu avant droit LED pour PLUS 2.4 rouge pr\u00e9mont\u00e9<\/p>\n","protected":false},"excerpt":{"rendered":"<p>Feu avant droit LED pour PLUS 2.4 rouge pr\u00e9mont\u00e9<\/p>\n","protected":false},"featured_media":58654,"template":"","meta":{"_acf_changed":false},"product_brand":[],"product_cat":[1009,997],"product_tag":[],"class_list":{"0":"post-85712","1":"product","2":"type-product","3":"status-publish","4":"has-post-thumbnail","6":"product_cat-carrosseries-siege","7":"product_cat-pieces-de-rechange","9":"first","10":"instock","11":"taxable","12":"shipping-taxable","13":"purchasable","14":"product-type-simple"},"acf":[],"_links":{"self":[{"href":"https:\/\/shop.kyburz-switzerland.ch\/fr\/wp-json\/wp\/v2\/product\/85712","targetHints":{"allow":["GET"]}}],"collection":[{"href":"https:\/\/shop.kyburz-switzerland.ch\/fr\/wp-json\/wp\/v2\/product"}],"about":[{"href":"https:\/\/shop.kyburz-switzerland.ch\/fr\/wp-json\/wp\/v2\/types\/product"}],"wp:featuredmedia":[{"embeddable":true,"href":"https:\/\/shop.kyburz-switzerland.ch\/fr\/wp-json\/wp\/v2\/media\/58654"}],"wp:attachment":[{"href":"https:\/\/shop.kyburz-switzerland.ch\/fr\/wp-json\/wp\/v2\/media?parent=85712"}],"wp:term":[{"taxonomy":"product_brand","embeddable":true,"href":"https:\/\/shop.kyburz-switzerland.ch\/fr\/wp-json\/wp\/v2\/product_brand?post=85712"},{"taxonomy":"product_cat","embeddable":true,"href":"https:\/\/shop.kyburz-switzerland.ch\/fr\/wp-json\/wp\/v2\/product_cat?post=85712"},{"taxonomy":"product_tag","embeddable":true,"href":"https:\/\/shop.kyburz-switzerland.ch\/fr\/wp-json\/wp\/v2\/product_tag?post=85712"}],"curies":[{"name":"wp","href":"https:\/\/api.w.org\/{rel}","templated":true}]}}