{"id":85558,"date":"2025-09-27T16:21:50","date_gmt":"2025-09-27T14:21:50","guid":{"rendered":"https:\/\/shop.kyburz-switzerland.ch\/shop\/non class\u00e9\/tuergriff-innen-rechts\/"},"modified":"2025-09-27T16:22:14","modified_gmt":"2025-09-27T14:22:14","slug":"tuergriff-innen-rechts","status":"publish","type":"product","link":"https:\/\/shop.kyburz-switzerland.ch\/fr\/shop\/chassis-crochet-de-remorque\/tuergriff-innen-rechts\/","title":{"rendered":"Poign\u00e9e de porte int\u00e9rieure droite"},"content":{"rendered":"<p>Poign\u00e9e de porte int\u00e9rieure droite<\/p>\n","protected":false},"excerpt":{"rendered":"<p>Poign\u00e9e de porte int\u00e9rieure droite<\/p>\n","protected":false},"featured_media":57878,"template":"","meta":{"_acf_changed":false},"product_brand":[],"product_cat":[995,997],"product_tag":[],"class_list":{"0":"post-85558","1":"product","2":"type-product","3":"status-publish","4":"has-post-thumbnail","6":"product_cat-chassis-crochet-de-remorque","7":"product_cat-pieces-de-rechange","9":"first","10":"instock","11":"taxable","12":"shipping-taxable","13":"purchasable","14":"product-type-simple"},"acf":[],"_links":{"self":[{"href":"https:\/\/shop.kyburz-switzerland.ch\/fr\/wp-json\/wp\/v2\/product\/85558","targetHints":{"allow":["GET"]}}],"collection":[{"href":"https:\/\/shop.kyburz-switzerland.ch\/fr\/wp-json\/wp\/v2\/product"}],"about":[{"href":"https:\/\/shop.kyburz-switzerland.ch\/fr\/wp-json\/wp\/v2\/types\/product"}],"wp:featuredmedia":[{"embeddable":true,"href":"https:\/\/shop.kyburz-switzerland.ch\/fr\/wp-json\/wp\/v2\/media\/57878"}],"wp:attachment":[{"href":"https:\/\/shop.kyburz-switzerland.ch\/fr\/wp-json\/wp\/v2\/media?parent=85558"}],"wp:term":[{"taxonomy":"product_brand","embeddable":true,"href":"https:\/\/shop.kyburz-switzerland.ch\/fr\/wp-json\/wp\/v2\/product_brand?post=85558"},{"taxonomy":"product_cat","embeddable":true,"href":"https:\/\/shop.kyburz-switzerland.ch\/fr\/wp-json\/wp\/v2\/product_cat?post=85558"},{"taxonomy":"product_tag","embeddable":true,"href":"https:\/\/shop.kyburz-switzerland.ch\/fr\/wp-json\/wp\/v2\/product_tag?post=85558"}],"curies":[{"name":"wp","href":"https:\/\/api.w.org\/{rel}","templated":true}]}}