{"id":85085,"date":"2025-09-27T16:10:20","date_gmt":"2025-09-27T14:10:20","guid":{"rendered":"https:\/\/shop.kyburz-switzerland.ch\/shop\/non class\u00e9\/endhuelse-5-8x12-von-kabelhuelle\/"},"modified":"2025-09-27T16:10:46","modified_gmt":"2025-09-27T14:10:46","slug":"endhuelse-5-8x12-von-kabelhuelle","status":"publish","type":"product","link":"https:\/\/shop.kyburz-switzerland.ch\/fr\/shop\/pieces-de-rechange\/endhuelse-5-8x12-von-kabelhuelle\/","title":{"rendered":"Endh\u00fclse 5.8&#215;12 von Kabelh\u00fclle"},"content":{"rendered":"<p>Endh\u00fclse 5.8&#215;12 von Kabelh\u00fclle<\/p>\n","protected":false},"excerpt":{"rendered":"<p>Endh\u00fclse 5.8&#215;12 von Kabelh\u00fclle<\/p>\n","protected":false},"featured_media":58783,"template":"","meta":{"_acf_changed":false},"product_brand":[],"product_cat":[1002,997],"product_tag":[],"class_list":{"0":"post-85085","1":"product","2":"type-product","3":"status-publish","4":"has-post-thumbnail","6":"product_cat-material-de-consommation-petites-pieces","7":"product_cat-pieces-de-rechange","9":"first","10":"instock","11":"taxable","12":"shipping-taxable","13":"purchasable","14":"product-type-simple"},"acf":[],"_links":{"self":[{"href":"https:\/\/shop.kyburz-switzerland.ch\/fr\/wp-json\/wp\/v2\/product\/85085","targetHints":{"allow":["GET"]}}],"collection":[{"href":"https:\/\/shop.kyburz-switzerland.ch\/fr\/wp-json\/wp\/v2\/product"}],"about":[{"href":"https:\/\/shop.kyburz-switzerland.ch\/fr\/wp-json\/wp\/v2\/types\/product"}],"wp:featuredmedia":[{"embeddable":true,"href":"https:\/\/shop.kyburz-switzerland.ch\/fr\/wp-json\/wp\/v2\/media\/58783"}],"wp:attachment":[{"href":"https:\/\/shop.kyburz-switzerland.ch\/fr\/wp-json\/wp\/v2\/media?parent=85085"}],"wp:term":[{"taxonomy":"product_brand","embeddable":true,"href":"https:\/\/shop.kyburz-switzerland.ch\/fr\/wp-json\/wp\/v2\/product_brand?post=85085"},{"taxonomy":"product_cat","embeddable":true,"href":"https:\/\/shop.kyburz-switzerland.ch\/fr\/wp-json\/wp\/v2\/product_cat?post=85085"},{"taxonomy":"product_tag","embeddable":true,"href":"https:\/\/shop.kyburz-switzerland.ch\/fr\/wp-json\/wp\/v2\/product_tag?post=85085"}],"curies":[{"name":"wp","href":"https:\/\/api.w.org\/{rel}","templated":true}]}}