{"id":84688,"date":"2025-09-27T15:59:15","date_gmt":"2025-09-27T13:59:15","guid":{"rendered":"https:\/\/shop.kyburz-switzerland.ch\/shop\/uncategorized\/abdeckung-ruecklicht-hinten-breit-fuer-dxp-eu-kyburz-gelb\/"},"modified":"2025-09-27T15:59:29","modified_gmt":"2025-09-27T13:59:29","slug":"abdeckung-ruecklicht-hinten-breit-fuer-dxp-eu-kyburz-gelb","status":"publish","type":"product","link":"https:\/\/shop.kyburz-switzerland.ch\/en\/shop\/spare-parts\/abdeckung-ruecklicht-hinten-breit-fuer-dxp-eu-kyburz-gelb\/","title":{"rendered":"Abdeckung R\u00fccklicht hinten breit f\u00fcr DXP EU KYBURZ gelb"},"content":{"rendered":"<p>Abdeckung R\u00fccklicht hinten breit f\u00fcr DXP EU KYBURZ gelb<\/p>\n","protected":false},"excerpt":{"rendered":"<p>Abdeckung R\u00fccklicht hinten breit f\u00fcr DXP EU KYBURZ gelb<\/p>\n","protected":false},"featured_media":55157,"template":"","meta":{"_acf_changed":false},"product_brand":[],"product_cat":[1008,996],"product_tag":[],"class_list":{"0":"post-84688","1":"product","2":"type-product","3":"status-publish","4":"has-post-thumbnail","6":"product_cat-body-covers-seat","7":"product_cat-spare-parts","9":"first","10":"instock","11":"taxable","12":"shipping-taxable","13":"purchasable","14":"product-type-simple"},"acf":[],"_links":{"self":[{"href":"https:\/\/shop.kyburz-switzerland.ch\/en\/wp-json\/wp\/v2\/product\/84688","targetHints":{"allow":["GET"]}}],"collection":[{"href":"https:\/\/shop.kyburz-switzerland.ch\/en\/wp-json\/wp\/v2\/product"}],"about":[{"href":"https:\/\/shop.kyburz-switzerland.ch\/en\/wp-json\/wp\/v2\/types\/product"}],"wp:featuredmedia":[{"embeddable":true,"href":"https:\/\/shop.kyburz-switzerland.ch\/en\/wp-json\/wp\/v2\/media\/55157"}],"wp:attachment":[{"href":"https:\/\/shop.kyburz-switzerland.ch\/en\/wp-json\/wp\/v2\/media?parent=84688"}],"wp:term":[{"taxonomy":"product_brand","embeddable":true,"href":"https:\/\/shop.kyburz-switzerland.ch\/en\/wp-json\/wp\/v2\/product_brand?post=84688"},{"taxonomy":"product_cat","embeddable":true,"href":"https:\/\/shop.kyburz-switzerland.ch\/en\/wp-json\/wp\/v2\/product_cat?post=84688"},{"taxonomy":"product_tag","embeddable":true,"href":"https:\/\/shop.kyburz-switzerland.ch\/en\/wp-json\/wp\/v2\/product_tag?post=84688"}],"curies":[{"name":"wp","href":"https:\/\/api.w.org\/{rel}","templated":true}]}}