{"id":84483,"date":"2025-09-27T15:55:35","date_gmt":"2025-09-27T13:55:35","guid":{"rendered":"https:\/\/shop.kyburz-switzerland.ch\/shop\/uncategorized\/box-fuer-6-depottaschen-post-oesterreich-2022\/"},"modified":"2025-09-27T15:55:49","modified_gmt":"2025-09-27T13:55:49","slug":"box-fuer-6-depottaschen-post-oesterreich-2022","status":"publish","type":"product","link":"https:\/\/shop.kyburz-switzerland.ch\/en\/shop\/structure\/box-fuer-6-depottaschen-post-oesterreich-2022\/","title":{"rendered":"Box f\u00fcr 6 Depottaschen Post \u00d6sterreich 2022"},"content":{"rendered":"<p>Box f\u00fcr 6 Depottaschen Post \u00d6sterreich 2022<\/p>\n","protected":false},"excerpt":{"rendered":"<p>Box f\u00fcr 6 Depottaschen Post \u00d6sterreich 2022<\/p>\n","protected":false},"featured_media":59605,"template":"","meta":{"_acf_changed":false},"product_brand":[],"product_cat":[996,986],"product_tag":[],"class_list":{"0":"post-84483","1":"product","2":"type-product","3":"status-publish","4":"has-post-thumbnail","6":"product_cat-spare-parts","7":"product_cat-structure","9":"first","10":"instock","11":"taxable","12":"shipping-taxable","13":"purchasable","14":"product-type-simple"},"acf":[],"_links":{"self":[{"href":"https:\/\/shop.kyburz-switzerland.ch\/en\/wp-json\/wp\/v2\/product\/84483","targetHints":{"allow":["GET"]}}],"collection":[{"href":"https:\/\/shop.kyburz-switzerland.ch\/en\/wp-json\/wp\/v2\/product"}],"about":[{"href":"https:\/\/shop.kyburz-switzerland.ch\/en\/wp-json\/wp\/v2\/types\/product"}],"wp:featuredmedia":[{"embeddable":true,"href":"https:\/\/shop.kyburz-switzerland.ch\/en\/wp-json\/wp\/v2\/media\/59605"}],"wp:attachment":[{"href":"https:\/\/shop.kyburz-switzerland.ch\/en\/wp-json\/wp\/v2\/media?parent=84483"}],"wp:term":[{"taxonomy":"product_brand","embeddable":true,"href":"https:\/\/shop.kyburz-switzerland.ch\/en\/wp-json\/wp\/v2\/product_brand?post=84483"},{"taxonomy":"product_cat","embeddable":true,"href":"https:\/\/shop.kyburz-switzerland.ch\/en\/wp-json\/wp\/v2\/product_cat?post=84483"},{"taxonomy":"product_tag","embeddable":true,"href":"https:\/\/shop.kyburz-switzerland.ch\/en\/wp-json\/wp\/v2\/product_tag?post=84483"}],"curies":[{"name":"wp","href":"https:\/\/api.w.org\/{rel}","templated":true}]}}