{"id":84105,"date":"2025-09-27T15:49:19","date_gmt":"2025-09-27T13:49:19","guid":{"rendered":"https:\/\/shop.kyburz-switzerland.ch\/shop\/uncategorized\/vorschaltgeraet-fuer-abblendscheinwerfer-zu-plus-vormontiert\/"},"modified":"2025-09-27T15:49:24","modified_gmt":"2025-09-27T13:49:24","slug":"vorschaltgeraet-fuer-abblendscheinwerfer-zu-plus-vormontiert","status":"publish","type":"product","link":"https:\/\/shop.kyburz-switzerland.ch\/en\/shop\/batteries-electric-elektronic\/vorschaltgeraet-fuer-abblendscheinwerfer-zu-plus-vormontiert\/","title":{"rendered":"Vorschaltger\u00e4t f\u00fcr Abblendscheinwerfer zu PLUS vormontiert"},"content":{"rendered":"<p>Vorschaltger\u00e4t f\u00fcr Abblendscheinwerfer zu PLUS vormontiert<\/p>\n","protected":false},"excerpt":{"rendered":"<p>Vorschaltger\u00e4t f\u00fcr Abblendscheinwerfer zu PLUS vormontiert<\/p>\n","protected":false},"featured_media":58401,"template":"","meta":{"_acf_changed":false},"product_brand":[],"product_cat":[988,996],"product_tag":[],"class_list":{"0":"post-84105","1":"product","2":"type-product","3":"status-publish","4":"has-post-thumbnail","6":"product_cat-batteries-electric-elektronic","7":"product_cat-spare-parts","9":"first","10":"instock","11":"taxable","12":"shipping-taxable","13":"purchasable","14":"product-type-simple"},"acf":[],"_links":{"self":[{"href":"https:\/\/shop.kyburz-switzerland.ch\/en\/wp-json\/wp\/v2\/product\/84105","targetHints":{"allow":["GET"]}}],"collection":[{"href":"https:\/\/shop.kyburz-switzerland.ch\/en\/wp-json\/wp\/v2\/product"}],"about":[{"href":"https:\/\/shop.kyburz-switzerland.ch\/en\/wp-json\/wp\/v2\/types\/product"}],"wp:featuredmedia":[{"embeddable":true,"href":"https:\/\/shop.kyburz-switzerland.ch\/en\/wp-json\/wp\/v2\/media\/58401"}],"wp:attachment":[{"href":"https:\/\/shop.kyburz-switzerland.ch\/en\/wp-json\/wp\/v2\/media?parent=84105"}],"wp:term":[{"taxonomy":"product_brand","embeddable":true,"href":"https:\/\/shop.kyburz-switzerland.ch\/en\/wp-json\/wp\/v2\/product_brand?post=84105"},{"taxonomy":"product_cat","embeddable":true,"href":"https:\/\/shop.kyburz-switzerland.ch\/en\/wp-json\/wp\/v2\/product_cat?post=84105"},{"taxonomy":"product_tag","embeddable":true,"href":"https:\/\/shop.kyburz-switzerland.ch\/en\/wp-json\/wp\/v2\/product_tag?post=84105"}],"curies":[{"name":"wp","href":"https:\/\/api.w.org\/{rel}","templated":true}]}}