{"id":84096,"date":"2025-09-27T15:48:51","date_gmt":"2025-09-27T13:48:51","guid":{"rendered":"https:\/\/shop.kyburz-switzerland.ch\/shop\/uncategorized\/tuere-oeffnungs-stange-plus-links-2022\/"},"modified":"2025-09-27T15:49:13","modified_gmt":"2025-09-27T13:49:13","slug":"tuere-oeffnungs-stange-plus-links-2022","status":"publish","type":"product","link":"https:\/\/shop.kyburz-switzerland.ch\/en\/shop\/spare-parts\/tuere-oeffnungs-stange-plus-links-2022\/","title":{"rendered":"T\u00fcre \u00d6ffnungs Stange PLUS links 2022"},"content":{"rendered":"<p>T\u00fcre \u00d6ffnungs Stange PLUS links 2022<\/p>\n","protected":false},"excerpt":{"rendered":"<p>T\u00fcre \u00d6ffnungs Stange PLUS links 2022<\/p>\n","protected":false},"featured_media":59580,"template":"","meta":{"_acf_changed":false},"product_brand":[],"product_cat":[1003,996],"product_tag":[],"class_list":{"0":"post-84096","1":"product","2":"type-product","3":"status-publish","4":"has-post-thumbnail","6":"product_cat-small-parts-consumables","7":"product_cat-spare-parts","9":"first","10":"instock","11":"taxable","12":"shipping-taxable","13":"purchasable","14":"product-type-simple"},"acf":[],"_links":{"self":[{"href":"https:\/\/shop.kyburz-switzerland.ch\/en\/wp-json\/wp\/v2\/product\/84096","targetHints":{"allow":["GET"]}}],"collection":[{"href":"https:\/\/shop.kyburz-switzerland.ch\/en\/wp-json\/wp\/v2\/product"}],"about":[{"href":"https:\/\/shop.kyburz-switzerland.ch\/en\/wp-json\/wp\/v2\/types\/product"}],"wp:featuredmedia":[{"embeddable":true,"href":"https:\/\/shop.kyburz-switzerland.ch\/en\/wp-json\/wp\/v2\/media\/59580"}],"wp:attachment":[{"href":"https:\/\/shop.kyburz-switzerland.ch\/en\/wp-json\/wp\/v2\/media?parent=84096"}],"wp:term":[{"taxonomy":"product_brand","embeddable":true,"href":"https:\/\/shop.kyburz-switzerland.ch\/en\/wp-json\/wp\/v2\/product_brand?post=84096"},{"taxonomy":"product_cat","embeddable":true,"href":"https:\/\/shop.kyburz-switzerland.ch\/en\/wp-json\/wp\/v2\/product_cat?post=84096"},{"taxonomy":"product_tag","embeddable":true,"href":"https:\/\/shop.kyburz-switzerland.ch\/en\/wp-json\/wp\/v2\/product_tag?post=84096"}],"curies":[{"name":"wp","href":"https:\/\/api.w.org\/{rel}","templated":true}]}}