{"id":83602,"date":"2025-09-27T15:41:02","date_gmt":"2025-09-27T13:41:02","guid":{"rendered":"https:\/\/shop.kyburz-switzerland.ch\/shop\/uncategorized\/huelse-oe12x2x8-fuer-servobremsentriegelung\/"},"modified":"2025-09-27T15:41:03","modified_gmt":"2025-09-27T13:41:03","slug":"huelse-oe12x2x8-fuer-servobremsentriegelung","status":"publish","type":"product","link":"https:\/\/shop.kyburz-switzerland.ch\/en\/shop\/brakes\/huelse-oe12x2x8-fuer-servobremsentriegelung\/","title":{"rendered":"H\u00fclse \u00f812x2x8 f\u00fcr Servobremsentriegelung"},"content":{"rendered":"<p>H\u00fclse \u00f812x2x8 f\u00fcr Servobremsentriegelung<\/p>\n","protected":false},"excerpt":{"rendered":"<p>H\u00fclse \u00f812x2x8 f\u00fcr Servobremsentriegelung<\/p>\n","protected":false},"featured_media":53973,"template":"","meta":{"_acf_changed":false},"product_brand":[],"product_cat":[992,996],"product_tag":[],"class_list":{"0":"post-83602","1":"product","2":"type-product","3":"status-publish","4":"has-post-thumbnail","6":"product_cat-brakes","7":"product_cat-spare-parts","9":"first","10":"instock","11":"taxable","12":"shipping-taxable","13":"purchasable","14":"product-type-simple"},"acf":[],"_links":{"self":[{"href":"https:\/\/shop.kyburz-switzerland.ch\/en\/wp-json\/wp\/v2\/product\/83602","targetHints":{"allow":["GET"]}}],"collection":[{"href":"https:\/\/shop.kyburz-switzerland.ch\/en\/wp-json\/wp\/v2\/product"}],"about":[{"href":"https:\/\/shop.kyburz-switzerland.ch\/en\/wp-json\/wp\/v2\/types\/product"}],"wp:featuredmedia":[{"embeddable":true,"href":"https:\/\/shop.kyburz-switzerland.ch\/en\/wp-json\/wp\/v2\/media\/53973"}],"wp:attachment":[{"href":"https:\/\/shop.kyburz-switzerland.ch\/en\/wp-json\/wp\/v2\/media?parent=83602"}],"wp:term":[{"taxonomy":"product_brand","embeddable":true,"href":"https:\/\/shop.kyburz-switzerland.ch\/en\/wp-json\/wp\/v2\/product_brand?post=83602"},{"taxonomy":"product_cat","embeddable":true,"href":"https:\/\/shop.kyburz-switzerland.ch\/en\/wp-json\/wp\/v2\/product_cat?post=83602"},{"taxonomy":"product_tag","embeddable":true,"href":"https:\/\/shop.kyburz-switzerland.ch\/en\/wp-json\/wp\/v2\/product_tag?post=83602"}],"curies":[{"name":"wp","href":"https:\/\/api.w.org\/{rel}","templated":true}]}}