{"id":82771,"date":"2025-09-27T15:28:33","date_gmt":"2025-09-27T13:28:33","guid":{"rendered":"https:\/\/shop.kyburz-switzerland.ch\/shop\/uncategorized\/endhuelse-5-8x12-von-kabelhuelle\/"},"modified":"2025-09-27T15:28:50","modified_gmt":"2025-09-27T13:28:50","slug":"endhuelse-5-8x12-von-kabelhuelle","status":"publish","type":"product","link":"https:\/\/shop.kyburz-switzerland.ch\/en\/shop\/spare-parts\/endhuelse-5-8x12-von-kabelhuelle\/","title":{"rendered":"Endh\u00fclse 5.8&#215;12 von Kabelh\u00fclle"},"content":{"rendered":"<p>Endh\u00fclse 5.8&#215;12 von Kabelh\u00fclle<\/p>\n","protected":false},"excerpt":{"rendered":"<p>Endh\u00fclse 5.8&#215;12 von Kabelh\u00fclle<\/p>\n","protected":false},"featured_media":58782,"template":"","meta":{"_acf_changed":false},"product_brand":[],"product_cat":[1003,996],"product_tag":[],"class_list":{"0":"post-82771","1":"product","2":"type-product","3":"status-publish","4":"has-post-thumbnail","6":"product_cat-small-parts-consumables","7":"product_cat-spare-parts","9":"first","10":"instock","11":"taxable","12":"shipping-taxable","13":"purchasable","14":"product-type-simple"},"acf":[],"_links":{"self":[{"href":"https:\/\/shop.kyburz-switzerland.ch\/en\/wp-json\/wp\/v2\/product\/82771","targetHints":{"allow":["GET"]}}],"collection":[{"href":"https:\/\/shop.kyburz-switzerland.ch\/en\/wp-json\/wp\/v2\/product"}],"about":[{"href":"https:\/\/shop.kyburz-switzerland.ch\/en\/wp-json\/wp\/v2\/types\/product"}],"wp:featuredmedia":[{"embeddable":true,"href":"https:\/\/shop.kyburz-switzerland.ch\/en\/wp-json\/wp\/v2\/media\/58782"}],"wp:attachment":[{"href":"https:\/\/shop.kyburz-switzerland.ch\/en\/wp-json\/wp\/v2\/media?parent=82771"}],"wp:term":[{"taxonomy":"product_brand","embeddable":true,"href":"https:\/\/shop.kyburz-switzerland.ch\/en\/wp-json\/wp\/v2\/product_brand?post=82771"},{"taxonomy":"product_cat","embeddable":true,"href":"https:\/\/shop.kyburz-switzerland.ch\/en\/wp-json\/wp\/v2\/product_cat?post=82771"},{"taxonomy":"product_tag","embeddable":true,"href":"https:\/\/shop.kyburz-switzerland.ch\/en\/wp-json\/wp\/v2\/product_tag?post=82771"}],"curies":[{"name":"wp","href":"https:\/\/api.w.org\/{rel}","templated":true}]}}